{"id":5943,"date":"2025-05-19T19:51:16","date_gmt":"2025-05-19T19:51:16","guid":{"rendered":"https:\/\/formation-onglerie-valais.ch\/?page_id=5943"},"modified":"2025-05-21T07:32:10","modified_gmt":"2025-05-21T07:32:10","slug":"projets","status":"publish","type":"page","link":"https:\/\/zenith-architecture.com\/it\/projets\/","title":{"rendered":"Progetti"},"content":{"rendered":"<div data-elementor-type=\"wp-page\" data-elementor-id=\"5943\" class=\"elementor elementor-5943\">\n\t\t\t\t\t\t<div class=\"awam-parallax jarallax parallax-yes elementor-section elementor-top-section elementor-element elementor-element-9199fb6 elementor-section-stretched elementor-section-height-min-height elementor-section-boxed elementor-section-height-default elementor-section-items-middle\" data-awam-parallax=\"{&quot;type&quot;:&quot;scroll&quot;,&quot;speed&quot;:&quot;0.4&quot;,&quot;imgsize&quot;:&quot;cover&quot;,&quot;imgsrc&quot;:&quot;https:\/\/formation-onglerie-valais.ch\/wp-content\/uploads\/2025\/04\/anders-jilden-Sc5RKXLBjGg-unsplash-1.jpg&quot;,&quot;tablet&quot;:&quot;&quot;,&quot;phone&quot;:&quot;&quot;,&quot;mobile&quot;:&quot;&quot;}\" data-id=\"9199fb6\" data-element_type=\"section\" data-e-type=\"section\" data-settings=\"{&quot;stretch_section&quot;:&quot;section-stretched&quot;,&quot;background_background&quot;:&quot;classic&quot;}\">\n\t\t\t\t\t\t\t<div class=\"elementor-background-overlay\"><\/div>\n\t\t\t\t\t\t\t<div class=\"elementor-container elementor-column-gap-no\">\n\t\t\t\t\t<div class=\"elementor-column elementor-col-100 elementor-top-column elementor-element elementor-element-4f2ce0f\" data-id=\"4f2ce0f\" data-element_type=\"column\" data-e-type=\"column\">\n\t\t\t<div class=\"elementor-widget-wrap elementor-element-populated\">\n\t\t\t\t\t\t<div class=\"elementor-element elementor-element-b55f26d awam-stroke awam-has-stroke-yes awam-transform transform-type-translate awam-has-stroke-type stroke-type-full elementor-widget elementor-widget-heading\" data-id=\"b55f26d\" data-element_type=\"widget\" data-e-type=\"widget\" data-widget_type=\"heading.default\">\n\t\t\t\t<div class=\"elementor-widget-container\">\n\t\t\t\t\t<h2 class=\"elementor-heading-title elementor-size-default\">galleria dei progetti<\/h2>\t\t\t\t<\/div>\n\t\t\t\t<\/div>\n\t\t\t\t<div class=\"elementor-section elementor-inner-section elementor-element elementor-element-580e9d4 elementor-section-boxed elementor-section-height-default elementor-section-height-default\" data-id=\"580e9d4\" data-element_type=\"section\" data-e-type=\"section\">\n\t\t\t\t\t\t<div class=\"elementor-container elementor-column-gap-no\">\n\t\t\t\t\t<div class=\"elementor-column elementor-col-33 elementor-inner-column elementor-element elementor-element-28fc218\" data-id=\"28fc218\" data-element_type=\"column\" data-e-type=\"column\">\n\t\t\t<div class=\"elementor-widget-wrap\">\n\t\t\t\t\t\t\t<\/div>\n\t\t<\/div>\n\t\t\t\t<div class=\"elementor-column elementor-col-33 elementor-inner-column elementor-element elementor-element-c5f7256\" data-id=\"c5f7256\" data-element_type=\"column\" data-e-type=\"column\">\n\t\t\t<div class=\"elementor-widget-wrap elementor-element-populated\">\n\t\t\t\t\t\t<div class=\"elementor-element elementor-element-9bcd0ee elementor-widget elementor-widget-text-editor\" data-id=\"9bcd0ee\" data-element_type=\"widget\" data-e-type=\"widget\" data-widget_type=\"text-editor.default\">\n\t\t\t\t<div class=\"elementor-widget-container\">\n\t\t\t\t\t\t\t\t\t<h5>\u201cNon ho mai sognato il successo. Ho lavorato per ottenerlo\u201d. Est\u00e9e Lauder<\/h5>\t\t\t\t\t\t\t\t<\/div>\n\t\t\t\t<\/div>\n\t\t\t\t\t<\/div>\n\t\t<\/div>\n\t\t\t\t<div class=\"elementor-column elementor-col-33 elementor-inner-column elementor-element elementor-element-d76ad71\" data-id=\"d76ad71\" data-element_type=\"column\" data-e-type=\"column\">\n\t\t\t<div class=\"elementor-widget-wrap\">\n\t\t\t\t\t\t\t<\/div>\n\t\t<\/div>\n\t\t\t\t\t<\/div>\n\t\t<\/div>\n\t\t\t\t\t<\/div>\n\t\t<\/div>\n\t\t\t\t\t<\/div>\n\t\t<\/div>\n\t\t\t\t<section class=\"elementor-section elementor-top-section elementor-element elementor-element-acc16a4 elementor-section-stretched nt-section section-padding elementor-section-content-middle elementor-section-boxed elementor-section-height-default elementor-section-height-default\" data-id=\"acc16a4\" data-element_type=\"section\" data-e-type=\"section\" data-settings=\"{&quot;stretch_section&quot;:&quot;section-stretched&quot;}\">\n\t\t\t\t\t\t<div class=\"elementor-container elementor-column-gap-default\">\n\t\t\t\t\t<div class=\"elementor-column elementor-col-100 elementor-top-column elementor-element elementor-element-ef6c303\" data-id=\"ef6c303\" data-element_type=\"column\" data-e-type=\"column\">\n\t\t\t<div class=\"elementor-widget-wrap elementor-element-populated\">\n\t\t\t\t\t\t<div class=\"elementor-element elementor-element-46ec800 elementor-widget elementor-widget-awam-projects-gallery\" data-id=\"46ec800\" data-element_type=\"widget\" data-e-type=\"widget\" data-widget_type=\"awam-projects-gallery.default\">\n\t\t\t\t<div class=\"elementor-widget-container\">\n\t\t\t\t\t<div class=\"portfolio\" id=\"gallery-46ec800\"><div class=\"container-off\"><div class=\"row\"><div class=\"filtering col-12\"><div class=\"filter\"><span data-filter='*'  class=\"active\">Tutti i progetti<\/span><span data-filter='.construction-de-maisons' data-cat-id=\"44\">Costruzione di case<\/span><span data-filter='.r\u00e9novation-domiciliaire' data-cat-id=\"47\">Ristrutturazione della casa<\/span><\/div><\/div><div class=\"gallery full-width\" data-layout-mode=\"masonry\"><div class=\"col-md-6 items r\u00e9novation-domiciliaire awam-project-id-5979\" data-project-id=\"5979\"><div class=\"item-img wow fadeInUp\"><div class=\"item-img-overlay-two wow2\"><\/div><a class=\"item--link\" href=\"https:\/\/zenith-architecture.com\/it\/projects\/palazzo-del-conseils-rechy\/\"><img fetchpriority=\"high\" decoding=\"async\" width=\"1680\" height=\"1260\" src=\"https:\/\/zenith-architecture.com\/wp-content\/uploads\/2025\/05\/20190926_133757-Custom-1.jpg\" class=\"attachment-full size-full wp-post-image\" alt=\"\" srcset=\"https:\/\/zenith-architecture.com\/wp-content\/uploads\/2025\/05\/20190926_133757-Custom-1.jpg 1680w, https:\/\/zenith-architecture.com\/wp-content\/uploads\/2025\/05\/20190926_133757-Custom-1-300x225.jpg 300w, https:\/\/zenith-architecture.com\/wp-content\/uploads\/2025\/05\/20190926_133757-Custom-1-1024x768.jpg 1024w, https:\/\/zenith-architecture.com\/wp-content\/uploads\/2025\/05\/20190926_133757-Custom-1-768x576.jpg 768w, https:\/\/zenith-architecture.com\/wp-content\/uploads\/2025\/05\/20190926_133757-Custom-1-1536x1152.jpg 1536w, https:\/\/zenith-architecture.com\/wp-content\/uploads\/2025\/05\/20190926_133757-Custom-1-16x12.jpg 16w, https:\/\/zenith-architecture.com\/wp-content\/uploads\/2025\/05\/20190926_133757-Custom-1-500x375.jpg 500w\" sizes=\"(max-width: 1680px) 100vw, 1680px\" \/><div class=\"item-img-overlay vert-align\"><div class=\"overlay-info full-width\"><h5 data-splitting>Immeuble Del Conseils | R\u00e9chy<\/h5><\/div><\/div><\/a><\/div><\/div><div class=\"col-md-6 items r\u00e9novation-domiciliaire awam-project-id-5988\" data-project-id=\"5988\"><div class=\"item-img wow fadeInUp\"><div class=\"item-img-overlay-two wow2\"><\/div><a class=\"item--link\" href=\"https:\/\/zenith-architecture.com\/it\/projects\/casa-jg-sierre\/\"><img decoding=\"async\" width=\"1680\" height=\"1260\" src=\"https:\/\/zenith-architecture.com\/wp-content\/uploads\/2025\/05\/20201113_115854-Custom.jpg\" class=\"attachment-full size-full wp-post-image\" alt=\"\" srcset=\"https:\/\/zenith-architecture.com\/wp-content\/uploads\/2025\/05\/20201113_115854-Custom.jpg 1680w, https:\/\/zenith-architecture.com\/wp-content\/uploads\/2025\/05\/20201113_115854-Custom-300x225.jpg 300w, https:\/\/zenith-architecture.com\/wp-content\/uploads\/2025\/05\/20201113_115854-Custom-1024x768.jpg 1024w, https:\/\/zenith-architecture.com\/wp-content\/uploads\/2025\/05\/20201113_115854-Custom-768x576.jpg 768w, https:\/\/zenith-architecture.com\/wp-content\/uploads\/2025\/05\/20201113_115854-Custom-1536x1152.jpg 1536w, https:\/\/zenith-architecture.com\/wp-content\/uploads\/2025\/05\/20201113_115854-Custom-16x12.jpg 16w, https:\/\/zenith-architecture.com\/wp-content\/uploads\/2025\/05\/20201113_115854-Custom-500x375.jpg 500w\" sizes=\"(max-width: 1680px) 100vw, 1680px\" \/><div class=\"item-img-overlay vert-align\"><div class=\"overlay-info full-width\"><h5 data-splitting>Maison JG | Sierre<\/h5><\/div><\/div><\/a><\/div><\/div><div class=\"col-md-6 items construction-de-maisons awam-project-id-5996\" data-project-id=\"5996\"><div class=\"item-img wow fadeInUp\"><div class=\"item-img-overlay-two wow2\"><\/div><a class=\"item--link\" href=\"https:\/\/zenith-architecture.com\/it\/projects\/villa-adl-leytron\/\"><img decoding=\"async\" width=\"1600\" height=\"1067\" src=\"https:\/\/zenith-architecture.com\/wp-content\/uploads\/2025\/05\/ZA-VILLA-ADL-LEYTRON-04.jpg\" class=\"attachment-full size-full wp-post-image\" alt=\"\" srcset=\"https:\/\/zenith-architecture.com\/wp-content\/uploads\/2025\/05\/ZA-VILLA-ADL-LEYTRON-04.jpg 1600w, https:\/\/zenith-architecture.com\/wp-content\/uploads\/2025\/05\/ZA-VILLA-ADL-LEYTRON-04-300x200.jpg 300w, https:\/\/zenith-architecture.com\/wp-content\/uploads\/2025\/05\/ZA-VILLA-ADL-LEYTRON-04-1024x683.jpg 1024w, https:\/\/zenith-architecture.com\/wp-content\/uploads\/2025\/05\/ZA-VILLA-ADL-LEYTRON-04-768x512.jpg 768w, https:\/\/zenith-architecture.com\/wp-content\/uploads\/2025\/05\/ZA-VILLA-ADL-LEYTRON-04-1536x1024.jpg 1536w, https:\/\/zenith-architecture.com\/wp-content\/uploads\/2025\/05\/ZA-VILLA-ADL-LEYTRON-04-18x12.jpg 18w, https:\/\/zenith-architecture.com\/wp-content\/uploads\/2025\/05\/ZA-VILLA-ADL-LEYTRON-04-500x333.jpg 500w\" sizes=\"(max-width: 1600px) 100vw, 1600px\" \/><div class=\"item-img-overlay vert-align\"><div class=\"overlay-info full-width\"><h5 data-splitting>Villa ADL | Leytron<\/h5><\/div><\/div><\/a><\/div><\/div><div class=\"col-md-6 items construction-de-maisons awam-project-id-6010\" data-project-id=\"6010\"><div class=\"item-img wow fadeInUp\"><div class=\"item-img-overlay-two wow2\"><\/div><a class=\"item--link\" href=\"https:\/\/zenith-architecture.com\/it\/projects\/villa-pot-a-vouvry\/\"><img loading=\"lazy\" decoding=\"async\" width=\"1600\" height=\"899\" src=\"https:\/\/zenith-architecture.com\/wp-content\/uploads\/2025\/05\/za-zenith-architecture-Villa-POT-Vouvry-Design-02.jpg\" class=\"attachment-full size-full wp-post-image\" alt=\"\" srcset=\"https:\/\/zenith-architecture.com\/wp-content\/uploads\/2025\/05\/za-zenith-architecture-Villa-POT-Vouvry-Design-02.jpg 1600w, https:\/\/zenith-architecture.com\/wp-content\/uploads\/2025\/05\/za-zenith-architecture-Villa-POT-Vouvry-Design-02-300x169.jpg 300w, https:\/\/zenith-architecture.com\/wp-content\/uploads\/2025\/05\/za-zenith-architecture-Villa-POT-Vouvry-Design-02-1024x575.jpg 1024w, https:\/\/zenith-architecture.com\/wp-content\/uploads\/2025\/05\/za-zenith-architecture-Villa-POT-Vouvry-Design-02-768x432.jpg 768w, https:\/\/zenith-architecture.com\/wp-content\/uploads\/2025\/05\/za-zenith-architecture-Villa-POT-Vouvry-Design-02-1536x863.jpg 1536w, https:\/\/zenith-architecture.com\/wp-content\/uploads\/2025\/05\/za-zenith-architecture-Villa-POT-Vouvry-Design-02-18x10.jpg 18w, https:\/\/zenith-architecture.com\/wp-content\/uploads\/2025\/05\/za-zenith-architecture-Villa-POT-Vouvry-Design-02-500x281.jpg 500w\" sizes=\"(max-width: 1600px) 100vw, 1600px\" \/><div class=\"item-img-overlay vert-align\"><div class=\"overlay-info full-width\"><h5 data-splitting>Villa POT | Vouvry<\/h5><\/div><\/div><\/a><\/div><\/div><div class=\"col-md-6 items construction-de-maisons awam-project-id-6017\" data-project-id=\"6017\"><div class=\"item-img wow fadeInUp\"><div class=\"item-img-overlay-two wow2\"><\/div><a class=\"item--link\" href=\"https:\/\/zenith-architecture.com\/it\/projects\/villa-vp-rechy\/\"><img loading=\"lazy\" decoding=\"async\" width=\"1680\" height=\"944\" src=\"https:\/\/zenith-architecture.com\/wp-content\/uploads\/2025\/05\/zenith-architecture-Villa-VP-Rechy-5_pros_d-Custom.jpg\" class=\"attachment-full size-full wp-post-image\" alt=\"\" srcset=\"https:\/\/zenith-architecture.com\/wp-content\/uploads\/2025\/05\/zenith-architecture-Villa-VP-Rechy-5_pros_d-Custom.jpg 1680w, https:\/\/zenith-architecture.com\/wp-content\/uploads\/2025\/05\/zenith-architecture-Villa-VP-Rechy-5_pros_d-Custom-300x169.jpg 300w, https:\/\/zenith-architecture.com\/wp-content\/uploads\/2025\/05\/zenith-architecture-Villa-VP-Rechy-5_pros_d-Custom-1024x575.jpg 1024w, https:\/\/zenith-architecture.com\/wp-content\/uploads\/2025\/05\/zenith-architecture-Villa-VP-Rechy-5_pros_d-Custom-768x432.jpg 768w, https:\/\/zenith-architecture.com\/wp-content\/uploads\/2025\/05\/zenith-architecture-Villa-VP-Rechy-5_pros_d-Custom-1536x863.jpg 1536w, https:\/\/zenith-architecture.com\/wp-content\/uploads\/2025\/05\/zenith-architecture-Villa-VP-Rechy-5_pros_d-Custom-18x10.jpg 18w, https:\/\/zenith-architecture.com\/wp-content\/uploads\/2025\/05\/zenith-architecture-Villa-VP-Rechy-5_pros_d-Custom-500x281.jpg 500w\" sizes=\"(max-width: 1680px) 100vw, 1680px\" \/><div class=\"item-img-overlay vert-align\"><div class=\"overlay-info full-width\"><h5 data-splitting>Villa VP | R\u00e9chy<\/h5><\/div><\/div><\/a><\/div><\/div><\/div><\/div><\/div><\/div>\t\t\t\t<\/div>\n\t\t\t\t<\/div>\n\t\t\t\t\t<\/div>\n\t\t<\/div>\n\t\t\t\t\t<\/div>\n\t\t<\/section>\n\t\t\t\t<\/div>","protected":false},"excerpt":{"rendered":"<p>galerie de projets &#8220;Je n&#8217;ai jamais r\u00eav\u00e9 du succ\u00e8s. J&#8217;ai travaill\u00e9 pour l&#8217;avoir.&#8221; Est\u00e9e Lauder Tous les projetsConstruction de maisonsR\u00e9novation domiciliaire Immeuble Del Conseils | R\u00e9chy Maison JG | Sierre Villa ADL | Leytron Villa POT | Vouvry Villa VP | R\u00e9chy<\/p>","protected":false},"author":1,"featured_media":0,"parent":0,"menu_order":0,"comment_status":"closed","ping_status":"closed","template":"awam-elementor-page.php","meta":{"footnotes":""},"class_list":{"0":"post-5943","1":"page","2":"type-page","3":"status-publish","4":"hentry","5":"nt-post-class","6":"","9":"excerpt-none"},"_links":{"self":[{"href":"https:\/\/zenith-architecture.com\/it\/wp-json\/wp\/v2\/pages\/5943","targetHints":{"allow":["GET"]}}],"collection":[{"href":"https:\/\/zenith-architecture.com\/it\/wp-json\/wp\/v2\/pages"}],"about":[{"href":"https:\/\/zenith-architecture.com\/it\/wp-json\/wp\/v2\/types\/page"}],"author":[{"embeddable":true,"href":"https:\/\/zenith-architecture.com\/it\/wp-json\/wp\/v2\/users\/1"}],"replies":[{"embeddable":true,"href":"https:\/\/zenith-architecture.com\/it\/wp-json\/wp\/v2\/comments?post=5943"}],"version-history":[{"count":5,"href":"https:\/\/zenith-architecture.com\/it\/wp-json\/wp\/v2\/pages\/5943\/revisions"}],"predecessor-version":[{"id":6199,"href":"https:\/\/zenith-architecture.com\/it\/wp-json\/wp\/v2\/pages\/5943\/revisions\/6199"}],"wp:attachment":[{"href":"https:\/\/zenith-architecture.com\/it\/wp-json\/wp\/v2\/media?parent=5943"}],"curies":[{"name":"wp","href":"https:\/\/api.w.org\/{rel}","templated":true}]}}