{"id":5919,"date":"2025-05-19T19:44:53","date_gmt":"2025-05-19T19:44:53","guid":{"rendered":"https:\/\/formation-onglerie-valais.ch\/?page_id=5919"},"modified":"2025-05-19T19:46:13","modified_gmt":"2025-05-19T19:46:13","slug":"08-privacy-policy","status":"publish","type":"page","link":"https:\/\/zenith-architecture.com\/it\/08-privacy-policy\/","title":{"rendered":"Privacy policy"},"content":{"rendered":"<div data-elementor-type=\"wp-page\" data-elementor-id=\"5919\" class=\"elementor elementor-5919\">\n\t\t\t\t\t\t<div class=\"awam-parallax jarallax parallax-yes elementor-section elementor-top-section elementor-element elementor-element-9b1d3aa elementor-section-stretched elementor-section-height-min-height elementor-section-boxed elementor-section-height-default elementor-section-items-middle\" data-awam-parallax=\"{&quot;type&quot;:&quot;scroll&quot;,&quot;speed&quot;:&quot;0.4&quot;,&quot;imgsize&quot;:&quot;cover&quot;,&quot;imgsrc&quot;:&quot;https:\/\/formation-onglerie-valais.ch\/wp-content\/uploads\/2025\/04\/anders-jilden-Sc5RKXLBjGg-unsplash-1.jpg&quot;,&quot;tablet&quot;:&quot;&quot;,&quot;phone&quot;:&quot;&quot;,&quot;mobile&quot;:&quot;&quot;}\" data-id=\"9b1d3aa\" data-element_type=\"section\" data-e-type=\"section\" data-settings=\"{&quot;stretch_section&quot;:&quot;section-stretched&quot;,&quot;background_background&quot;:&quot;classic&quot;}\">\n\t\t\t\t\t\t\t<div class=\"elementor-background-overlay\"><\/div>\n\t\t\t\t\t\t\t<div class=\"elementor-container elementor-column-gap-no\">\n\t\t\t\t\t<div class=\"elementor-column elementor-col-100 elementor-top-column elementor-element elementor-element-c412019\" data-id=\"c412019\" data-element_type=\"column\" data-e-type=\"column\">\n\t\t\t<div class=\"elementor-widget-wrap elementor-element-populated\">\n\t\t\t\t\t\t<div class=\"elementor-element elementor-element-bca8b3c awam-stroke awam-has-stroke-yes awam-has-stroke-type stroke-type-part awam-transform transform-type-translate elementor-invisible elementor-widget elementor-widget-heading\" data-id=\"bca8b3c\" data-element_type=\"widget\" data-e-type=\"widget\" data-settings=\"{&quot;_animation&quot;:&quot;fadeIn&quot;,&quot;_animation_delay&quot;:900}\" data-widget_type=\"heading.default\">\n\t\t\t\t<div class=\"elementor-widget-container\">\n\t\t\t\t\t<h1 class=\"elementor-heading-title elementor-size-default\">Privacy &amp; policy<\/h1>\t\t\t\t<\/div>\n\t\t\t\t<\/div>\n\t\t\t\t\t<\/div>\n\t\t<\/div>\n\t\t\t\t\t<\/div>\n\t\t<\/div>\n\t\t\t\t<section class=\"elementor-section elementor-top-section elementor-element elementor-element-a80e694 elementor-section-boxed elementor-section-height-default elementor-section-height-default\" data-id=\"a80e694\" data-element_type=\"section\" data-e-type=\"section\">\n\t\t\t\t\t\t<div class=\"elementor-container elementor-column-gap-default\">\n\t\t\t\t\t<div class=\"elementor-column elementor-col-100 elementor-top-column elementor-element elementor-element-e28433f\" data-id=\"e28433f\" data-element_type=\"column\" data-e-type=\"column\">\n\t\t\t<div class=\"elementor-widget-wrap elementor-element-populated\">\n\t\t\t\t\t\t<div class=\"elementor-element elementor-element-9e1243a elementor-widget elementor-widget-text-editor\" data-id=\"9e1243a\" data-element_type=\"widget\" data-e-type=\"widget\" data-widget_type=\"text-editor.default\">\n\t\t\t\t<div class=\"elementor-widget-container\">\n\t\t\t\t\t\t\t\t\t<h2>Chi siamo<\/h2><p><strong>Menzioni legali<\/strong><\/p><p><strong>Impresa : Zenith Architecture S\u00e0rl<\/strong><\/p><p><strong>Indirizzo : Rue de Venise 15 \u2013 1870 Monthey (CH)<\/strong><\/p><p><strong>Telefono : +41 (0) 78.751.01.96<\/strong><\/p><p><strong>Mail : info@zenith-architecture.com\u00a0 \u00a0<\/strong><\/p><p><strong>TVA\u00a0: <\/strong><strong>CHE-478.316.164<\/strong><\/p><h2><strong> Menzioni legali <\/strong><\/h2><p>Questo sito utilizza dei cookies. I cookies sono dei piccoli file di testo che restano registrati permanentemente o temporaneamente nel vostro computer durante la visita di questo sito. L\u2019obiettivo dei cookies \u00e9 in particolare l\u2019analisi dell\u2019utilizzo di questo sito internet per dei fini statistici oltre che per migliorare continuamente la sua qualit\u00e0. Potete disattivare totalmente o parzialmente i cookies effettuando le regolazioni corrispondenti nel vostro navigatore. In caso di disattivazione dei cookies, puo\u2019 verificarsi che tutte le funzioni di questo sito internet non siano piu\u2019 disponibili.\u00a0<\/p><p>L&#8217;adresse de notre site Internet est : http:\/\/www.zenith-architecture.com.<\/p><h2>Commenti<\/h2><p>Lorsque les visiteurs laissent des commentaires sur le site, nous collectons les donn\u00e9es affich\u00e9es dans le formulaire de commentaires ainsi que l&#8217;adresse IP du visiteur et la cha\u00eene de l&#8217;agent utilisateur du navigateur pour faciliter la d\u00e9tection des spams.<\/p><p>Une cha\u00eene anonymis\u00e9e cr\u00e9\u00e9e \u00e0 partir de votre adresse e-mail (autrement appel\u00e9e hachage) peut \u00eatre fournie au service Gravatar pour voir si vous l&#8217;utilisez. La politique de confidentialit\u00e9 du service Gravatar est disponible ici : https:\/\/automattic.com\/privacy\/. Apr\u00e8s validation de votre commentaire, votre photo de profil est visible publiquement \u00e0 cot\u00e9 de votre commentaire.<\/p><h2>Media<\/h2><p>Se carichi immagini sul sito web, dovresti evitare di caricare immagini che includono i dati di posizione incorporati (EXIF GPS). I visitatori del sito web possono scaricare ed estrarre qualsiasi dato sulla posizione dalle immagini sul sito web.<\/p><h2>Cookie<\/h2><p>Si vous laissez un commentaire sur notre site, vous pouvez choisir d&#8217;enregistrer votre nom, votre adresse e-mail et votre site Web dans des cookies. Ils sont utilis\u00e9s pour votre commodit\u00e9 afin que vous n&#8217;ayez pas \u00e0 ressaisir vos coordonn\u00e9es lorsque vous laissez un autre commentaire. Ces cookies dureront un an.<\/p><p>Se visiti la pagina di login, verr\u00e0 impostato un cookie temporaneo per determinare se il tuo browser accetta i cookie. Questo cookie non contiene dati personali e viene eliminato quando chiudi il browser.<\/p><p>Lors de votre connexion, plusieurs cookies seront install\u00e9s pour enregistrer vos informations de connexion et vos options d&#8217;affichage \u00e0 l&#8217;\u00e9cran. Les cookies de connexion durent deux jours et les cookies d&#8217;options d&#8217;\u00e9cran durent un an. Si vous s\u00e9lectionnez &#8220;Se souvenir de moi&#8221;, votre connexion persistera pendant deux semaines. Si vous vous d\u00e9connectez de votre compte, les cookies de connexion seront supprim\u00e9s.<\/p><p>Si vous modifiez ou publiez un article, un cookie suppl\u00e9mentaire sera enregistr\u00e9 dans votre navigateur. Ce cookie n&#8217;inclut pas de donn\u00e9es personnelles, mais indique simplement l&#8217;ID de l&#8217;article qui vient d&#8217;\u00eatre \u00e9dit\u00e9. Il expire apr\u00e8s 1 jour.<\/p><h2>Contenu int\u00e9gr\u00e9 d&#8217;autres sites Web<\/h2><p>Les articles de ce site peuvent inclure du contenu int\u00e9gr\u00e9 (par exemple des vid\u00e9os, des images, des articles, etc.). Le contenu int\u00e9gr\u00e9 d&#8217;autres sites Web se comporte exactement de la m\u00eame mani\u00e8re que si le visiteur avait visit\u00e9 l&#8217;autre site Web.<\/p><p>Questi siti web possono raccogliere dati su di te, usare cookie, integrare ulteriori tracciamenti di terze parti e monitorare l\u2019interazione con essi, incluso il tracciamento della tua interazione con il contenuto incorporato se hai un account e sei connesso a quei siti web.<\/p><h2>Con chi condividiamo i tuoi dati<\/h2><p>Si vous demandez une r\u00e9initialisation de mot de passe, votre adresse IP sera incluse dans l&#8217;e-mail de r\u00e9initialisation.<\/p><h2>Per quanto tempo conserviamo i tuoi dati<\/h2><p>Si vous laissez un commentaire, le commentaire et ses m\u00e9tadonn\u00e9es sont conserv\u00e9s ind\u00e9finiment. C&#8217;est ainsi que nous pouvons automatiquement reconna\u00eetre et approuver tous les commentaires ult\u00e9rieurs au lieu de les garder dans une file d&#8217;attente de mod\u00e9ration.<\/p><p>Pour les utilisateurs qui s&#8217;inscrivent sur notre site Web (le cas \u00e9ch\u00e9ant), nous stockons \u00e9galement les informations personnelles qu&#8217;ils fournissent dans leur profil d&#8217;utilisateur. Tous les utilisateurs peuvent voir, modifier ou supprimer leurs informations personnelles \u00e0 tout moment (\u00e0 l&#8217;exception de leur nom d&#8217;utilisateur qu&#8217;ils ne peuvent pas modifier). Les administrateurs de site Web peuvent \u00e9galement voir et modifier ces informations.<\/p><h2>Quali diritti hai sui tuoi dati<\/h2><p>Si vous avez un compte sur ce site, ou avez laiss\u00e9 des commentaires, vous pouvez demander \u00e0 recevoir un fichier export\u00e9 depuis le site avec les donn\u00e9es personnelles que nous d\u00e9tenons \u00e0 votre sujet, y compris les donn\u00e9es que vous nous avez fournies. Vous pouvez \u00e9galement demander que nous supprimions toutes les donn\u00e9es personnelles vous concernant. Cela n&#8217;inclut pas les donn\u00e9es que nous sommes tenus de conserver \u00e0 des fins administratives, juridiques ou de s\u00e9curit\u00e9.<\/p><h2>Dove spediamo i tuoi dati<\/h2><p>I commenti dei visitatori possono essere controllati attraverso un servizio di rilevamento automatico dello spam.<\/p>\t\t\t\t\t\t\t\t<\/div>\n\t\t\t\t<\/div>\n\t\t\t\t\t<\/div>\n\t\t<\/div>\n\t\t\t\t\t<\/div>\n\t\t<\/section>\n\t\t\t\t<\/div>","protected":false},"excerpt":{"rendered":"<p>Privacy &#038; policy \u00c0 propos de nous Mentions l\u00e9gales Entreprise : Zenith Architecture S\u00e0rl Adresse\u00a0: Rue de Venise 15 \u2013 1870 Monthey (CH) T\u00e9l\u00e9phone\u00a0: +41 (0) 78.751.01.96 Mail\u00a0: info@zenith-architecture.com\u00a0 \u00a0 TVA\u00a0: CHE-478.316.164 Mentions l\u00e9gales Ce site utilise des cookies. Les cookies sont des petits fichiers texte enregistr\u00e9s durablement ou temporairement dans votre ordinateur lors de&#8230;<\/p>","protected":false},"author":1,"featured_media":0,"parent":0,"menu_order":0,"comment_status":"closed","ping_status":"closed","template":"","meta":{"footnotes":""},"class_list":{"0":"post-5919","1":"page","2":"type-page","3":"status-publish","4":"hentry","5":"nt-post-class","6":"","7":"thumb-none","9":"excerpt-none"},"_links":{"self":[{"href":"https:\/\/zenith-architecture.com\/it\/wp-json\/wp\/v2\/pages\/5919","targetHints":{"allow":["GET"]}}],"collection":[{"href":"https:\/\/zenith-architecture.com\/it\/wp-json\/wp\/v2\/pages"}],"about":[{"href":"https:\/\/zenith-architecture.com\/it\/wp-json\/wp\/v2\/types\/page"}],"author":[{"embeddable":true,"href":"https:\/\/zenith-architecture.com\/it\/wp-json\/wp\/v2\/users\/1"}],"replies":[{"embeddable":true,"href":"https:\/\/zenith-architecture.com\/it\/wp-json\/wp\/v2\/comments?post=5919"}],"version-history":[{"count":4,"href":"https:\/\/zenith-architecture.com\/it\/wp-json\/wp\/v2\/pages\/5919\/revisions"}],"predecessor-version":[{"id":5923,"href":"https:\/\/zenith-architecture.com\/it\/wp-json\/wp\/v2\/pages\/5919\/revisions\/5923"}],"wp:attachment":[{"href":"https:\/\/zenith-architecture.com\/it\/wp-json\/wp\/v2\/media?parent=5919"}],"curies":[{"name":"wp","href":"https:\/\/api.w.org\/{rel}","templated":true}]}}